{"id":31,"date":"2022-10-26T05:35:22","date_gmt":"2022-10-26T04:35:22","guid":{"rendered":"https:\/\/www.techoparapatio.com\/?page_id=31"},"modified":"2024-06-04T15:16:04","modified_gmt":"2024-06-04T14:16:04","slug":"productos","status":"publish","type":"page","link":"https:\/\/www.techoparapatio.com\/?page_id=31","title":{"rendered":"Solicitar Visita T\u00e9cnica"},"content":{"rendered":"<div id=\"pl-31\"  class=\"panel-layout\" ><div id=\"pg-31-0\"  class=\"panel-grid panel-no-style\" ><div id=\"pgc-31-0-0\"  class=\"panel-grid-cell\" ><div id=\"panel-31-0-0-0\" class=\"widget_text so-panel widget widget_custom_html panel-first-child panel-last-child\" data-index=\"0\" ><h3 class=\"widget-title\">visita<\/h3><div class=\"textwidget custom-html-widget\"><div role=\"form\" class=\"wpcf7\" id=\"wpcf7-f1740-o1\" lang=\"es-ES\" dir=\"ltr\">\n<div class=\"screen-reader-response\"><p role=\"status\" aria-live=\"polite\" aria-atomic=\"true\"><\/p> <ul><\/ul><\/div>\n<form action=\"\/index.php?rest_route=%2Fwp%2Fv2%2Fpages%2F31#wpcf7-f1740-o1\" method=\"post\" class=\"wpcf7-form init\" enctype=\"multipart\/form-data\" novalidate=\"novalidate\" data-status=\"init\">\n<div style=\"display: none;\">\n<input type=\"hidden\" name=\"_wpcf7\" value=\"1740\" \/>\n<input type=\"hidden\" name=\"_wpcf7_version\" value=\"5.6.4\" \/>\n<input type=\"hidden\" name=\"_wpcf7_locale\" value=\"es_ES\" \/>\n<input type=\"hidden\" name=\"_wpcf7_unit_tag\" value=\"wpcf7-f1740-o1\" \/>\n<input type=\"hidden\" name=\"_wpcf7_container_post\" value=\"0\" \/>\n<input type=\"hidden\" name=\"_wpcf7_posted_data_hash\" value=\"\" \/>\n<\/div>\n<style>\n#enviar {\n    font-weight: bold;\n    cursor: pointer;\n    color: #fff;\n    height: 50px;\n    width: 200px;\n    border: 1px solid #ccc;\n    background: #0197Bb;\n    border-radius: 2px 2px 2px 2px;\n}\n#enviar:hover {\n    background: #fff;\n    color:#000\n}\n<\/style>\n<style>\n#text{\n    font-weight: bold;\n    cursor: pointer;\n    padding: 5px;\n    color: #000;\n    height: 40px;\n    width: 200px;\n    margin: 30px 80px 30px 10px;\n    border: 1px solid #ccc;\n    background: #fff;\n    border-radius: 1px 1px 1px 1px;\n}\n<\/style>\n<style>\n#desplega{\n    font-weight: bold;\n    cursor: pointer;\n    padding: 5px;\n    color: #000;\n    height: 40px;\n    width: 200px;\n    margin: 30px 80px 30px 10px;\n    border: 1px solid #ccc;\n    background: #fff;\n    border-radius: 1px 1px 1px 1px;\n}\n<\/style>\n<p><center><\/p>\n<table>\n<tr>\n<td>Nombres:<br \/>\n            <span class=\"wpcf7-form-control-wrap\" data-name=\"your-name\"><input type=\"text\" name=\"your-name\" value=\"\" size=\"40\" class=\"wpcf7-form-control wpcf7-text text\" id=\"text\" aria-invalid=\"false\" \/><\/span> <\/td>\n<td>Asunto:<br \/>\n          <span class=\"wpcf7-form-control-wrap\" data-name=\"asunto\"><input type=\"text\" name=\"asunto\" value=\"Visita T\u00e9cnica\" size=\"40\" class=\"wpcf7-form-control wpcf7-text text\" id=\"text\" aria-invalid=\"false\" \/><\/span><\/td>\n<td>Correo electr\u00f3nico:<br \/>\n          <span class=\"wpcf7-form-control-wrap\" data-name=\"your-email\"><input type=\"email\" name=\"your-email\" value=\"\" size=\"40\" class=\"wpcf7-form-control wpcf7-text wpcf7-email wpcf7-validates-as-email text\" id=\"text\" aria-invalid=\"false\" \/><\/span><\/td>\n<td>Medidas:<br \/>\n          <span class=\"wpcf7-form-control-wrap\" data-name=\"medidas\"><input type=\"text\" name=\"medidas\" value=\"\" size=\"40\" class=\"wpcf7-form-control wpcf7-text text\" id=\"text\" aria-invalid=\"false\" \/><\/span><\/td>\n<\/tr>\n<tr>\n<td>Tel\u00e9fono:<br \/>\n          <span class=\"wpcf7-form-control-wrap\" data-name=\"tel-731\"><input type=\"tel\" name=\"tel-731\" value=\"\" size=\"40\" class=\"wpcf7-form-control wpcf7-text wpcf7-tel wpcf7-validates-as-tel text\" id=\"text\" aria-invalid=\"false\" \/><\/span><\/td>\n<td>Direcci\u00f3n:<br \/>\n          <span class=\"wpcf7-form-control-wrap\" data-name=\"Direccion\"><input type=\"text\" name=\"Direccion\" value=\"\" size=\"40\" class=\"wpcf7-form-control wpcf7-text text\" id=\"text\" aria-invalid=\"false\" \/><\/span><\/td>\n<td>D\u00eda:<br \/>\n           <span class=\"wpcf7-form-control-wrap\" data-name=\"menu-39\"><select name=\"menu-39\" class=\"wpcf7-form-control wpcf7-select desplega\" id=\"desplega\" aria-invalid=\"false\"><option value=\"1\">1<\/option><option value=\"2\">2<\/option><option value=\"3\">3<\/option><option value=\"4\">4<\/option><option value=\"5\">5<\/option><option value=\"6\">6<\/option><option value=\"7\">7<\/option><option value=\"8\">8<\/option><option value=\"9\">9<\/option><option value=\"10\">10<\/option><option value=\"11\">11<\/option><option value=\"12\">12<\/option><option value=\"13\">13<\/option><option value=\"14\">14<\/option><option value=\"15\">15<\/option><option value=\"16\">16<\/option><option value=\"17\">17<\/option><option value=\"18\">18<\/option><option value=\"19\">19<\/option><option value=\"20\">20<\/option><option value=\"21\">21<\/option><option value=\"22\">22<\/option><option value=\"23\">23<\/option><option value=\"24\">24<\/option><option value=\"25\">25<\/option><option value=\"26\">26<\/option><option value=\"27\">27<\/option><option value=\"28\">28<\/option><option value=\"29\">29<\/option><option value=\"30\">30<\/option><option value=\"31\">31<\/option><\/select><\/span>\n<\/td>\n<td>Mes:<br \/>\n           <span class=\"wpcf7-form-control-wrap\" data-name=\"menu-600\"><select name=\"menu-600\" class=\"wpcf7-form-control wpcf7-select desplega\" id=\"desplega\" aria-invalid=\"false\"><option value=\"Enero\">Enero<\/option><option value=\"Febrero\">Febrero<\/option><option value=\"Marzo\">Marzo<\/option><option value=\"Abril\">Abril<\/option><option value=\"Mayo\">Mayo<\/option><option value=\"Junio\">Junio<\/option><option value=\"Julio\">Julio<\/option><option value=\"Agosto\">Agosto<\/option><option value=\"Septiembre\">Septiembre<\/option><option value=\"Octubre\">Octubre<\/option><option value=\"Noviembre\">Noviembre<\/option><option value=\"Diciembre\">Diciembre<\/option><\/select><\/span><\/td>\n<\/tr>\n<tr>\n<td>Hora:<br \/>\n           <span class=\"wpcf7-form-control-wrap\" data-name=\"menu-40\"><select name=\"menu-40\" class=\"wpcf7-form-control wpcf7-select desplega\" id=\"desplega\" aria-invalid=\"false\"><option value=\"08:00\">08:00<\/option><option value=\"08:30\">08:30<\/option><option value=\"09:00\">09:00<\/option><option value=\"09:30\">09:30<\/option><option value=\"10:00\">10:00<\/option><option value=\"10:30\">10:30<\/option><option value=\"11:00\">11:00<\/option><option value=\"11:30\">11:30<\/option><option value=\"12:00\">12:00<\/option><option value=\"12:30\">12:30<\/option><option value=\"13:00\">13:00<\/option><option value=\"13:30\">13:30<\/option><option value=\"14:00\">14:00<\/option><option value=\"14:30\">14:30<\/option><option value=\"15:00\">15:00<\/option><option value=\"15:30\">15:30<\/option><option value=\"16:00\">16:00<\/option><option value=\"16:30\">16:30<\/option><option value=\"17:00\">17:00<\/option><option value=\"17:30\">17:30<\/option><option value=\"18:00\">18:00<\/option><\/select><\/span>\n<\/td>\n<td>Env\u00edanos una foto del lugar: <span class=\"wpcf7-form-control-wrap\" data-name=\"CargarFotodelEspacio\"><input type=\"file\" name=\"CargarFotodelEspacio\" size=\"40\" class=\"wpcf7-form-control wpcf7-file\" accept=\"audio\/*,video\/*,image\/*\" aria-invalid=\"false\" \/><\/span><\/td>\n<td><input type=\"submit\" value=\"Reservar\" class=\"wpcf7-form-control has-spinner wpcf7-submit enviar\" id=\"enviar\" \/><\/td>\n<\/tr>\n<\/table>\n<p><\/center><\/p>\n<input type='hidden' class='wpcf7-pum' value='{\"closepopup\":false,\"closedelay\":0,\"openpopup\":false,\"openpopup_id\":0}' \/><div class=\"wpcf7-response-output\" aria-hidden=\"true\"><\/div><\/form><\/div><\/div><\/div><\/div><\/div><\/div>","protected":false},"excerpt":{"rendered":"<p>visita Nombres: Asunto: Correo electr\u00f3nico: Medidas: Tel\u00e9fono: Direcci\u00f3n: D\u00eda: 12345678910111213141516171819202122232425262728293031 Mes: EneroFebreroMarzoAbrilMayoJunioJulioAgostoSeptiembreOctubreNoviembreDiciembre Hora: 08:0008:3009:0009:3010:0010:3011:0011:3012:0012:3013:0013:3014:0014:3015:0015:3016:0016:3017:0017:3018:00 Env\u00edanos una foto del lugar:<\/p>\n","protected":false},"author":1,"featured_media":0,"parent":0,"menu_order":0,"comment_status":"closed","ping_status":"closed","template":"template-fullwidth-stretched.php","meta":{"_joinchat":[],"footnotes":""},"class_list":["post-31","page","type-page","status-publish","hentry"],"aioseo_notices":[],"_links":{"self":[{"href":"https:\/\/www.techoparapatio.com\/index.php?rest_route=\/wp\/v2\/pages\/31","targetHints":{"allow":["GET"]}}],"collection":[{"href":"https:\/\/www.techoparapatio.com\/index.php?rest_route=\/wp\/v2\/pages"}],"about":[{"href":"https:\/\/www.techoparapatio.com\/index.php?rest_route=\/wp\/v2\/types\/page"}],"author":[{"embeddable":true,"href":"https:\/\/www.techoparapatio.com\/index.php?rest_route=\/wp\/v2\/users\/1"}],"replies":[{"embeddable":true,"href":"https:\/\/www.techoparapatio.com\/index.php?rest_route=%2Fwp%2Fv2%2Fcomments&post=31"}],"version-history":[{"count":23,"href":"https:\/\/www.techoparapatio.com\/index.php?rest_route=\/wp\/v2\/pages\/31\/revisions"}],"predecessor-version":[{"id":2762,"href":"https:\/\/www.techoparapatio.com\/index.php?rest_route=\/wp\/v2\/pages\/31\/revisions\/2762"}],"wp:attachment":[{"href":"https:\/\/www.techoparapatio.com\/index.php?rest_route=%2Fwp%2Fv2%2Fmedia&parent=31"}],"curies":[{"name":"wp","href":"https:\/\/api.w.org\/{rel}","templated":true}]}}